{"id":51,"date":"2015-09-15T20:23:39","date_gmt":"2015-09-15T18:23:39","guid":{"rendered":"http:\/\/www.schaber.at\/?page_id=51"},"modified":"2022-01-02T12:56:43","modified_gmt":"2022-01-02T10:56:43","slug":"musizieren","status":"publish","type":"page","link":"http:\/\/www.schaber.at\/?page_id=51","title":{"rendered":"Musizieren"},"content":{"rendered":"\n<p>Seit dem 1. November\u00a02003 habe ich meine Freude mit dem Musizieren. Das Motiv dazu ist beim <a href=\"http:\/\/www.heurigermaly.at\">Heurigen Maly<\/a>\u00a0in Grinzing entstanden, wo nahezu t\u00e4glich echte Wiener ebenso echte Wienerlieder spielen und singen. Diese Lieder sind zwischen Volks- und Kunstliedern angesiedelt und es gibt hievon un\u00fcberschaubar viele.<br>Als Instrument fasziniert mich die Gitarre, weil sie erschwinglich, leicht zu transportieren und unterschiedlich laut spielbar\u00a0ist. F\u00fcr Wienerlieder verwendet man zumeist eine sogenannte Kontragitarre. Das ist eine mit zwei H\u00e4lsen, wobei sich die Saiten mehren. Meine Gitarren haben allesamt f\u00fcnfzehn Saiten.<br>Eine h\u00e4ufige Formation f\u00fcr Wienerlied-Darbietungen ist das Duo. Mein idealer Duo-Partner ist der Akkordeonist Willibald Haumer. Ihm verdanke ich, dass ich als Musiker auftreten kann. Er hat mir vieles beigebracht und was wir miteinander darbieten, wird von einer stets wachsenden Schar gerne geh\u00f6rt. Wir spielen und singen bei kleinen, privaten Festen ebenso wie \u00f6ffentlich auf gro\u00dfen B\u00fchnen. Da wir beruflich P\u00e4dagogen waren, haben wir eine Ader daf\u00fcr, anderen das Mitsingen erfolgreich\u00a0zu erm\u00f6glichen. Daf\u00fcr gibt es seit einigen Jahren eine Einrichtung, n\u00e4mlich <em>das gemeinsame Wienerlied-Singen beim Heurigen Maly<\/em>. Wer dieses einmal beschnuppern\u00a0m\u00f6chte,\u00a0erh\u00e4lt gerne eine Terminverst\u00e4ndigung auf jene Mailadresse, die mir \u00fcber <a href=\"mailto:erich@schaber.at\">erich@schaber.at<\/a> bekanntgegeben wird.<br>Erich Schaber<\/p>\n\n\n\n<p><a href=\"http:\/\/www.donaupackl.at\">Donaupackl<\/a><\/p>\n","protected":false},"excerpt":{"rendered":"<p>Seit dem 1. November\u00a02003 habe ich meine Freude mit dem Musizieren. Das Motiv dazu ist beim Heurigen Maly\u00a0in Grinzing entstanden, wo nahezu t\u00e4glich echte Wiener ebenso echte Wienerlieder spielen und singen. Diese Lieder sind zwischen Volks- und Kunstliedern angesiedelt und es gibt hievon un\u00fcberschaubar viele.Als Instrument fasziniert mich die Gitarre, weil sie erschwinglich, leicht zu &hellip; <a href=\"http:\/\/www.schaber.at\/?page_id=51\" class=\"more-link\"><span class=\"screen-reader-text\">Musizieren<\/span> weiterlesen<\/a><\/p>\n","protected":false},"author":2,"featured_media":52,"parent":0,"menu_order":0,"comment_status":"closed","ping_status":"closed","template":"","meta":[],"_links":{"self":[{"href":"http:\/\/www.schaber.at\/index.php?rest_route=\/wp\/v2\/pages\/51"}],"collection":[{"href":"http:\/\/www.schaber.at\/index.php?rest_route=\/wp\/v2\/pages"}],"about":[{"href":"http:\/\/www.schaber.at\/index.php?rest_route=\/wp\/v2\/types\/page"}],"author":[{"embeddable":true,"href":"http:\/\/www.schaber.at\/index.php?rest_route=\/wp\/v2\/users\/2"}],"replies":[{"embeddable":true,"href":"http:\/\/www.schaber.at\/index.php?rest_route=%2Fwp%2Fv2%2Fcomments&post=51"}],"version-history":[{"count":17,"href":"http:\/\/www.schaber.at\/index.php?rest_route=\/wp\/v2\/pages\/51\/revisions"}],"predecessor-version":[{"id":138,"href":"http:\/\/www.schaber.at\/index.php?rest_route=\/wp\/v2\/pages\/51\/revisions\/138"}],"wp:featuredmedia":[{"embeddable":true,"href":"http:\/\/www.schaber.at\/index.php?rest_route=\/wp\/v2\/media\/52"}],"wp:attachment":[{"href":"http:\/\/www.schaber.at\/index.php?rest_route=%2Fwp%2Fv2%2Fmedia&parent=51"}],"curies":[{"name":"wp","href":"https:\/\/api.w.org\/{rel}","templated":true}]}}