{"id":67,"date":"2015-09-17T07:20:56","date_gmt":"2015-09-17T05:20:56","guid":{"rendered":"http:\/\/www.schaber.at\/?page_id=67"},"modified":"2015-10-16T14:09:47","modified_gmt":"2015-10-16T12:09:47","slug":"philosophieren","status":"publish","type":"page","link":"http:\/\/www.schaber.at\/?page_id=67","title":{"rendered":"Philosophieren"},"content":{"rendered":"<p>Wer kontradiktorische Systeme in einem dynamischen Modell gegeneinander ausspielt,\u00a0erm\u00f6glicht Spielraum. Ohne Abstraktion geht da nichts. Ab einem gewissen Alter ist der Mensch jedoch in der Lage, in klaren Begriffen zu abstrahieren. Offen ist allerdings, wer das erlebt. Sich von der Vorherrschaft des\u00a0Konkreten zu emanzipieren k\u00f6nnte jedenfalls eine echte Chance sein.<br \/>\nWer diese f\u00fcnf\u00a0S\u00e4tze hasst, m\u00f6ge mein Buch &#8222;Vexierspielp\u00e4dagogik&#8220; nicht aufschlagen, selbst wenn es schnell und einfach zu haben w\u00e4re, n\u00e4mlich als\u00a0<a href=\"http:\/\/schaber.at\/vexierspielpaedagogik\">http:\/\/www.schaber.at\/vexierspielpaedagogik<\/a>\u00a0. Andere lade ich gerne zu dieser ernsten Lekt\u00fcre\u00a0ein.<\/p>\n","protected":false},"excerpt":{"rendered":"<p>Wer kontradiktorische Systeme in einem dynamischen Modell gegeneinander ausspielt,\u00a0erm\u00f6glicht Spielraum. Ohne Abstraktion geht da nichts. Ab einem gewissen Alter ist der Mensch jedoch in der Lage, in klaren Begriffen zu abstrahieren. Offen ist allerdings, wer das erlebt. Sich von der Vorherrschaft des\u00a0Konkreten zu emanzipieren k\u00f6nnte jedenfalls eine echte Chance sein. Wer diese f\u00fcnf\u00a0S\u00e4tze hasst, m\u00f6ge &hellip; <a href=\"http:\/\/www.schaber.at\/?page_id=67\" class=\"more-link\"><span class=\"screen-reader-text\">Philosophieren<\/span> weiterlesen<\/a><\/p>\n","protected":false},"author":2,"featured_media":69,"parent":0,"menu_order":0,"comment_status":"closed","ping_status":"closed","template":"","meta":[],"_links":{"self":[{"href":"http:\/\/www.schaber.at\/index.php?rest_route=\/wp\/v2\/pages\/67"}],"collection":[{"href":"http:\/\/www.schaber.at\/index.php?rest_route=\/wp\/v2\/pages"}],"about":[{"href":"http:\/\/www.schaber.at\/index.php?rest_route=\/wp\/v2\/types\/page"}],"author":[{"embeddable":true,"href":"http:\/\/www.schaber.at\/index.php?rest_route=\/wp\/v2\/users\/2"}],"replies":[{"embeddable":true,"href":"http:\/\/www.schaber.at\/index.php?rest_route=%2Fwp%2Fv2%2Fcomments&post=67"}],"version-history":[{"count":9,"href":"http:\/\/www.schaber.at\/index.php?rest_route=\/wp\/v2\/pages\/67\/revisions"}],"predecessor-version":[{"id":119,"href":"http:\/\/www.schaber.at\/index.php?rest_route=\/wp\/v2\/pages\/67\/revisions\/119"}],"wp:featuredmedia":[{"embeddable":true,"href":"http:\/\/www.schaber.at\/index.php?rest_route=\/wp\/v2\/media\/69"}],"wp:attachment":[{"href":"http:\/\/www.schaber.at\/index.php?rest_route=%2Fwp%2Fv2%2Fmedia&parent=67"}],"curies":[{"name":"wp","href":"https:\/\/api.w.org\/{rel}","templated":true}]}}